{"id":5704,"date":"2017-11-01T03:52:03","date_gmt":"2017-11-01T03:52:03","guid":{"rendered":"http:\/\/clinicasyo.com\/doctormarin\/?page_id=5704"},"modified":"2018-06-02T00:45:49","modified_gmt":"2018-06-02T00:45:49","slug":"biblioteca","status":"publish","type":"page","link":"https:\/\/docteurmarin.ch\/es\/biblioteca\/","title":{"rendered":"BIBLIOTECA DE CASOS"},"content":{"rendered":"<section  class=\"wow pulse\" style=\"background: url(https:\/\/docteurmarin.ch\/es\/wp-content\/uploads\/2017\/11\/8314929977_4d7e817d68_h-1.jpg) no-repeat;\"><div class=\"container\"><div class=\"row\"><div class=\"wpb_column vc_column_container col-sm-12  col-xs-mobile-fullwidth\"><div class=\"vc-column-innner-wrapper\"><div class=\"wpd-innner-wrapper\"><h1 class=\"alt-font  heading-style10\" style=\"color:rgba(0,46,108,0.7) !important;\">CASOS CL\u00cdNICOS<\/h1><h4><\/h4>\n<h4><img class=\"aligncenter size-full wp-image-5274\" src=\"http:\/\/clinicasyo.com\/doctormarin\/wp-content\/uploads\/2016\/04\/Untitled-4-1.png\" alt=\"\" width=\"32\" height=\"32\" \/><\/h4>\n<h4><img class=\"aligncenter size-full wp-image-5274\" src=\"http:\/\/clinicasyo.com\/doctormarin\/wp-content\/uploads\/2016\/04\/Untitled-4-1.png\" alt=\"\" width=\"32\" height=\"32\" \/><\/h4>\n<h4><img class=\"aligncenter size-full wp-image-5274\" src=\"http:\/\/clinicasyo.com\/doctormarin\/wp-content\/uploads\/2016\/04\/Untitled-4-1.png\" alt=\"\" width=\"32\" height=\"32\" \/><\/h4>\n<h4 style=\"text-align: center;\"><img class=\"aligncenter size-full wp-image-5274\" src=\"http:\/\/clinicasyo.com\/doctormarin\/wp-content\/uploads\/2016\/04\/Untitled-4-1.png\" alt=\"\" width=\"32\" height=\"32\" \/><\/h4>\n<p><a href=\"#explicacion1\"><img class=\"aligncenter wp-image-5257\" src=\"http:\/\/clinicasyo.com\/doctormarin\/wp-content\/uploads\/2016\/04\/scroll-down.gif\" alt=\"\" width=\"33\" height=\"50\" \/><\/a><\/p>\n<\/div><\/div><\/div><\/div><\/div><\/section><section  id=\"explicacion1\" class=\"parallax-fix wow fadeIn\"><div class=\"container-fluid\"><div class=\"row\"><div class=\"wpb_column vc_column_container col-sm-12  col-xs-mobile-fullwidth\"><div class=\"vc-column-innner-wrapper\"><div class=\"wpd-innner-wrapper\"><p><img class=\"aligncenter size-full wp-image-5274\" src=\"http:\/\/clinicasyo.com\/doctormarin\/wp-content\/uploads\/2016\/04\/Untitled-4-1.png\" alt=\"\" width=\"32\" height=\"32\" \/><\/p>\n<h2 style=\"text-align: center;\"><span style=\"color: #000080;\">ELIGE UN TEMA DE NUESTRA BIBLIOTECA DE CASOS:<\/span><\/h2>\n<div class=\"panel-group toggles-style1\"  ><div class=\"panel panel-default no-margin\"><div class=\"panel-heading \"><a data-toggle=\"collapse\" data-parent=\"#1509508702\" href=\"#accordion-one-link-1\"><h4 class=\"panel-title\">MALOCLUSI\u00d3N CLASE 1 CON API\u00d1AMIENTO<span class=\"pull-right\"><i class=\"fa fa-plus\"><\/i><\/span><\/h4><\/a><\/div><div id=\"accordion-one-link-1\" class=\"panel-collapse collapse \"><div class=\"panel-body no-border margin-four-tb padding-two-all no-padding-lr md-margin-one-tb\"><a href=\"http:\/\/clinicasyo.com\/doctormarin\/maloclusion-clase-1-con-apinonamiento-caso-1\/\">CASO 1<\/a>\r\n<a href=\"http:\/\/clinicasyo.com\/doctormarin\/maloclusion-clase-1-con-apinonamiento-caso-2\/\">CASO 2<\/a>\r\n<a href=\"http:\/\/clinicasyo.com\/doctormarin\/maloclusion-clase-1-con-apinonamiento-caso-3\/\">CASO 3<\/a>\r\n<a href=\"http:\/\/clinicasyo.com\/doctormarin\/maloclusion-clase-1-con-apinonamiento-caso-4\/\">CASO 4<\/a>\r\n<a href=\"http:\/\/clinicasyo.com\/doctormarin\/maloclusion-clase-1-con-apinonamiento-caso-5\/\">CASO 5<\/a>\r\n<a href=\"http:\/\/clinicasyo.com\/doctormarin\/maloclusion-clase-1-con-apinonamiento-caso-6\/\">CASO 6<\/a>\r\n<a href=\"http:\/\/clinicasyo.com\/doctormarin\/maloclusion-clase-1-con-apinonamiento-caso-7\/\">CASO 7<\/a>\r\n<a href=\"http:\/\/clinicasyo.com\/doctormarin\/maloclusion-clase-1-con-apinonamiento-caso-8\/\">CASO 8<\/a><\/div><\/div><\/div><div class=\"panel panel-default no-margin\"><div class=\"panel-heading \"><a data-toggle=\"collapse\" data-parent=\"#1509508702\" href=\"#accordion-one-link-2\"><h4 class=\"panel-title\">MALOCLUSI\u00d3N CLASE 2<span class=\"pull-right\"><i class=\"fa fa-plus\"><\/i><\/span><\/h4><\/a><\/div><div id=\"accordion-one-link-2\" class=\"panel-collapse collapse \"><div class=\"panel-body no-border margin-four-tb padding-two-all no-padding-lr md-margin-one-tb\"><a href=\"http:\/\/clinicasyo.com\/doctormarin\/maloclusion-clase-2-caso-1\/\">CASO 1<\/a>\r\n<a href=\"http:\/\/clinicasyo.com\/doctormarin\/maloclusion-clase-2-caso-2\/\">CASO 2<\/a>\r\n<a href=\"http:\/\/clinicasyo.com\/doctormarin\/maloclusion-clase-2-caso-3\/\">CASO 3<\/a>\r\n<a href=\"http:\/\/clinicasyo.com\/doctormarin\/maloclusion-clase-2-caso-4\/\">CASO 4<\/a>\r\n<a href=\"http:\/\/clinicasyo.com\/doctormarin\/maloclusion-clase-2-caso-5\/\">CASO 5<\/a>\r\n<a href=\"http:\/\/clinicasyo.com\/doctormarin\/maloclusion-clase-2-caso-6\/\">CASO 6<\/a>\r\n<a href=\"http:\/\/clinicasyo.com\/doctormarin\/maloclusion-clase-2-caso-7\/\">CASO 7<\/a>\r\n<a href=\"http:\/\/clinicasyo.com\/doctormarin\/maloclusion-clase-2-caso-8\/\">CASO 8<\/a><\/div><\/div><\/div><div class=\"panel panel-default no-margin\"><div class=\"panel-heading \"><a data-toggle=\"collapse\" data-parent=\"#1509508702\" href=\"#accordion-one-link-3\"><h4 class=\"panel-title\">MALOCLUSI\u00d3N CLASE 3<span class=\"pull-right\"><i class=\"fa fa-plus\"><\/i><\/span><\/h4><\/a><\/div><div id=\"accordion-one-link-3\" class=\"panel-collapse collapse \"><div class=\"panel-body no-border margin-four-tb padding-two-all no-padding-lr md-margin-one-tb\"><a href=\"http:\/\/clinicasyo.com\/doctormarin\/maloclusion-clase-3\/\">CASO 1<\/a>\r\n<a href=\"http:\/\/clinicasyo.com\/doctormarin\/maloclusion-clase-3-2\/\">CASO 2<\/a>\r\n<a href=\"http:\/\/clinicasyo.com\/doctormarin\/maloclusion-clase-3-3caso\/\">CASO 3<\/a>\r\n<a href=\"http:\/\/clinicasyo.com\/doctormarin\/maloclusion-clase-3-3\/\">CASO 4<\/a>\r\n<a href=\"http:\/\/clinicasyo.com\/doctormarin\/maloclusion-clase-3-5\/\">CASO 5<\/a><\/div><\/div><\/div><div class=\"panel panel-default no-margin\"><div class=\"panel-heading \"><a data-toggle=\"collapse\" data-parent=\"#1509508702\" href=\"#accordion-one-link-4\"><h4 class=\"panel-title\">MORDIDAS ABIERTAS<span class=\"pull-right\"><i class=\"fa fa-plus\"><\/i><\/span><\/h4><\/a><\/div><div id=\"accordion-one-link-4\" class=\"panel-collapse collapse \"><div class=\"panel-body no-border margin-four-tb padding-two-all no-padding-lr md-margin-one-tb\"><a href=\"http:\/\/clinicasyo.com\/doctormarin\/mordidas-abiertas-caso-3-2\/\">CASO 1\r\n<\/a><a href=\"http:\/\/clinicasyo.com\/doctormarin\/mordidas-abiertas-caso-3-2-2\/\">CASO 2<\/a><a href=\"http:\/\/clinicasyo.com\/doctormarin\/mordidas-abiertas-caso-3\/\">\r\n<\/a><a href=\"http:\/\/clinicasyo.com\/doctormarin\/mordidas-abiertas-caso-3\/\">CASO 3<\/a>\r\n<a href=\"http:\/\/clinicasyo.com\/doctormarin\/mordidas-abiertas-caso-4\/\">CASO 4<\/a>\r\n<a href=\"http:\/\/clinicasyo.com\/doctormarin\/mordidas-abiertas-caso-5\/\">CASO 5<\/a>\r\n<a href=\"http:\/\/clinicasyo.com\/doctormarin\/mordidas-abiertas-caso-6\/\">CASO 6<\/a>\r\n<a href=\"http:\/\/clinicasyo.com\/doctormarin\/mordidas-abiertas-caso-7\/\">CASO 7<\/a><\/div><\/div><\/div><div class=\"panel panel-default no-margin\"><div class=\"panel-heading \"><a data-toggle=\"collapse\" data-parent=\"#1509508702\" href=\"#accordion-one-link-5\"><h4 class=\"panel-title\">MORDIDAS PROFUNDAS<span class=\"pull-right\"><i class=\"fa fa-plus\"><\/i><\/span><\/h4><\/a><\/div><div id=\"accordion-one-link-5\" class=\"panel-collapse collapse \"><div class=\"panel-body no-border margin-four-tb padding-two-all no-padding-lr md-margin-one-tb\"><a href=\"http:\/\/clinicasyo.com\/doctormarin\/mordidas-profundas1\/\">CASO 1\r\n<\/a><a href=\"http:\/\/clinicasyo.com\/doctormarin\/mordida-profunda2\/\">CASO 2<\/a><a href=\"http:\/\/clinicasyo.com\/doctormarin\/mordidas-abiertas-caso-3\/\">\r\n<\/a><a href=\"http:\/\/clinicasyo.com\/doctormarin\/mordida-profunda3\/\">CASO 3<\/a>\r\n<a href=\"http:\/\/clinicasyo.com\/doctormarin\/mordida-profunda4\/\">CASO 4<\/a><\/div><\/div><\/div><div class=\"panel panel-default no-margin\"><div class=\"panel-heading \"><a data-toggle=\"collapse\" data-parent=\"#1509508702\" href=\"#accordion-one-link-6\"><h4 class=\"panel-title\">MORDIDAS CRUZADAS<span class=\"pull-right\"><i class=\"fa fa-plus\"><\/i><\/span><\/h4><\/a><\/div><div id=\"accordion-one-link-6\" class=\"panel-collapse collapse \"><div class=\"panel-body no-border margin-four-tb padding-two-all no-padding-lr md-margin-one-tb\"><a href=\"http:\/\/clinicasyo.com\/doctormarin\/mordidas-cruzadas-caso-1\/\">CASO 1\r\n<\/a><a href=\"http:\/\/clinicasyo.com\/doctormarin\/mordidas-cruzadas-caso-1-2\/\">CASO 2<\/a>\r\n<a href=\"http:\/\/clinicasyo.com\/doctormarin\/mordidas-cruzadas-caso-3\/\">CASO 3<\/a>\r\n<a href=\"http:\/\/clinicasyo.com\/doctormarin\/mordidas-cruzadas-caso-4\/\">CASO 4\r\n<\/a><a href=\"http:\/\/clinicasyo.com\/doctormarin\/mordidas-cruzadas-caso-4-2\/\">CASO 5<\/a>\r\n<a href=\"http:\/\/clinicasyo.com\/doctormarin\/mordidas-cruzadas-caso-6\/\">CASO 6\r\n<\/a><a href=\"http:\/\/clinicasyo.com\/doctormarin\/mordidas-cruzadas-caso-8-3\/\">CASO 7<\/a>\r\n<a href=\"http:\/\/clinicasyo.com\/doctormarin\/mordidas-cruzadas-caso-8\/\">CASO 8<\/a><\/div><\/div><\/div><div class=\"panel panel-default no-margin\"><div class=\"panel-heading \"><a data-toggle=\"collapse\" data-parent=\"#1509508702\" href=\"#accordion-one-link-7\"><h4 class=\"panel-title\">SUPERNUMERARIO Y AGENESIA<span class=\"pull-right\"><i class=\"fa fa-plus\"><\/i><\/span><\/h4><\/a><\/div><div id=\"accordion-one-link-7\" class=\"panel-collapse collapse \"><div class=\"panel-body no-border margin-four-tb padding-two-all no-padding-lr md-margin-one-tb\"><a href=\"http:\/\/clinicasyo.com\/doctormarin\/agesupernumerario1\/\">CASO 1\r\n<\/a><a href=\"http:\/\/clinicasyo.com\/doctormarin\/agesupernumerario1-2\/\">CASO 2<\/a>\r\n<a href=\"http:\/\/clinicasyo.com\/doctormarin\/agesupernumerario1-3\/\">CASO 3<\/a>\r\n<a href=\"http:\/\/clinicasyo.com\/doctormarin\/agesupernumerario1-4-2\/\">CASO 4\r\n<\/a><a href=\"http:\/\/clinicasyo.com\/doctormarin\/agesupernumerario1-5\/\">CASO 5<\/a>\r\n<a href=\"http:\/\/clinicasyo.com\/doctormarin\/agesupernumerario1-6\/\">CASO 6\r\n<\/a><a href=\"http:\/\/clinicasyo.com\/doctormarin\/agesupernumerario1-7\/\">CASO 7<\/a><\/div><\/div><\/div><div class=\"panel panel-default no-margin\"><div class=\"panel-heading \"><a data-toggle=\"collapse\" data-parent=\"#1509508702\" href=\"#accordion-one-link-8\"><h4 class=\"panel-title\">CANINOS INCLU\u00cdDOS<span class=\"pull-right\"><i class=\"fa fa-plus\"><\/i><\/span><\/h4><\/a><\/div><div id=\"accordion-one-link-8\" class=\"panel-collapse collapse \"><div class=\"panel-body no-border margin-four-tb padding-two-all no-padding-lr md-margin-one-tb\"><a href=\"http:\/\/clinicasyo.com\/doctormarin\/caninos-incluidos1\/\">CASO 1\r\n<\/a><a href=\"http:\/\/clinicasyo.com\/doctormarin\/caninos-incluidos2\/\">CASO 2<\/a>\r\n<a href=\"http:\/\/clinicasyo.com\/doctormarin\/caninos-incluidos3\/\">CASO 3<\/a>\r\n<a href=\"http:\/\/clinicasyo.com\/doctormarin\/caninos-incluidos4\/\">CASO 4\r\n<\/a><a href=\"http:\/\/clinicasyo.com\/doctormarin\/caninos-incluidos5\">CASO 5<\/a><\/div><\/div><\/div><\/div><\/div><\/div><\/div><\/div><\/div><\/section><section><div class=\"container\"><div class=\"row\"><div class=\"wpb_column vc_column_container col-sm-4  col-xs-mobile-fullwidth\"><div class=\"vc-column-innner-wrapper\"><div class=\"wpd-innner-wrapper\"><\/div><\/div><\/div><div class=\"wpb_column vc_column_container col-sm-4  col-xs-mobile-fullwidth\"><div class=\"vc-column-innner-wrapper\"><div class=\"wpd-innner-wrapper\"><a  href=\"http:\/\/http9632bf03a6ea3a9399e25cf67704da0cfa3c1bbd39f1ab19d67f6dbe3e5e483e3A9632bf03a6ea3a9399e25cf67704da0cfa3c1bbd39f1ab19d67f6dbe3e5e483e2F9632bf03a6ea3a9399e25cf67704da0cfa3c1bbd39f1ab19d67f6dbe3e5e483e2Fclinicasyo.com9632bf03a6ea3a9399e25cf67704da0cfa3c1bbd39f1ab19d67f6dbe3e5e483e2Fdoctormarin\" target=\"_self\" class=\"inner-link highlight-button btn-large button btn alt-font\">VOLVER{9632bf03a6ea3a9399e25cf67704da0cfa3c1bbd39f1ab19d67f6dbe3e5e483e}20A{9632bf03a6ea3a9399e25cf67704da0cfa3c1bbd39f1ab19d67f6dbe3e5e483e}20LA{9632bf03a6ea3a9399e25cf67704da0cfa3c1bbd39f1ab19d67f6dbe3e5e483e}20P{9632bf03a6ea3a9399e25cf67704da0cfa3c1bbd39f1ab19d67f6dbe3e5e483e}C3{9632bf03a6ea3a9399e25cf67704da0cfa3c1bbd39f1ab19d67f6dbe3e5e483e}81GINA{9632bf03a6ea3a9399e25cf67704da0cfa3c1bbd39f1ab19d67f6dbe3e5e483e}20PRINCIPAL<\/a><\/div><\/div><\/div><div class=\"wpb_column vc_column_container col-sm-4  col-xs-mobile-fullwidth\"><div class=\"vc-column-innner-wrapper\"><div class=\"wpd-innner-wrapper\"><\/div><\/div><\/div><\/div><\/div><\/section>","protected":false},"excerpt":{"rendered":"<p>CASOS CL\u00cdNICOS ELIGE UN TEMA DE NUESTRA BIBLIOTECA DE CASOS: MALOCLUSI\u00d3N CLASE 1 CON API\u00d1AMIENTOCASO 1 CASO 2 CASO 3 CASO 4 CASO 5 CASO 6 CASO 7 CASO 8MALOCLUSI\u00d3N CLASE 2CASO 1 CASO 2 CASO 3 CASO 4 CASO 5 CASO 6 CASO 7 CASO 8MALOCLUSI\u00d3N CLASE 3CASO 1 CASO 2 CASO 3 CASO [&hellip;]<\/p>\n","protected":false},"author":1,"featured_media":0,"parent":0,"menu_order":0,"comment_status":"closed","ping_status":"closed","template":"","meta":[],"_links":{"self":[{"href":"https:\/\/docteurmarin.ch\/es\/wp-json\/wp\/v2\/pages\/5704"}],"collection":[{"href":"https:\/\/docteurmarin.ch\/es\/wp-json\/wp\/v2\/pages"}],"about":[{"href":"https:\/\/docteurmarin.ch\/es\/wp-json\/wp\/v2\/types\/page"}],"author":[{"embeddable":true,"href":"https:\/\/docteurmarin.ch\/es\/wp-json\/wp\/v2\/users\/1"}],"replies":[{"embeddable":true,"href":"https:\/\/docteurmarin.ch\/es\/wp-json\/wp\/v2\/comments?post=5704"}],"version-history":[{"count":17,"href":"https:\/\/docteurmarin.ch\/es\/wp-json\/wp\/v2\/pages\/5704\/revisions"}],"predecessor-version":[{"id":6660,"href":"https:\/\/docteurmarin.ch\/es\/wp-json\/wp\/v2\/pages\/5704\/revisions\/6660"}],"wp:attachment":[{"href":"https:\/\/docteurmarin.ch\/es\/wp-json\/wp\/v2\/media?parent=5704"}],"curies":[{"name":"wp","href":"https:\/\/api.w.org\/{rel}","templated":true}]}}