{"id":5304,"date":"2016-04-09T10:35:56","date_gmt":"2016-04-09T10:35:56","guid":{"rendered":"http:\/\/wpdemos.themezaa.com\/brando\/?page_id=2913"},"modified":"2021-04-17T18:34:30","modified_gmt":"2021-04-17T18:34:30","slug":"photography-2","status":"publish","type":"page","link":"https:\/\/docteurmarin.ch\/es\/","title":{"rendered":"DOCTOR MARIN"},"content":{"rendered":"<section  id=\"home\" class=\"no-padding fix-background\" style=\"background: url(https:\/\/docteurmarin.ch\/es\/wp-content\/uploads\/2016\/04\/dental-1.jpg) no-repeat;\"><div class=\"container\"><div class=\"row\"><div class=\"wpb_column vc_column_container col-sm-12 col-xs-12\"><div class=\"vc-column-innner-wrapper\"><div class=\"wpd-innner-wrapper\"><div class=\"position-relative full-screen\"><div class=\"slider-typography text-center\"><div class=\"slider-text-middle-main\"><div class=\"slider-text-middle slider-typography-option4\"><span class=\"transparent-blue-text alt-font text-uppercase sm-title-big3 xs-title-extra-large-3\" style=\"color:rgba(0,46,108,0.7) !important\">Sonrie.<\/span><\/div><\/div><\/div><\/div><div class=\"scroll-down\"><p><a href=\"#about\"><img class=\"aligncenter wp-image-5257\" src=\"http:\/\/clinicasyo.com\/doctormarin\/wp-content\/uploads\/2016\/04\/scroll-down.gif\" alt=\"\" width=\"33\" height=\"50\" \/><\/a><\/p>\n<\/div><\/div><\/div><\/div><\/div><\/div><\/section><section  id=\"about\" class=\"photography-awards background-position-left cover-background wow slideInRight\" style=\"background: url(https:\/\/docteurmarin.ch\/es\/wp-content\/uploads\/2016\/04\/Untitled-3-2.png) no-repeat;\"><div class=\"container\"><div class=\"row\"><div class=\"wpb_column vc_column_container col-sm-6 col-md-6 col-xs-mobile-fullwidth text-left margin-seven-top xs-no-margin-top\"><div class=\"vc-column-innner-wrapper\"><div class=\"wpd-innner-wrapper\"><h1 class=\"alt-font  heading-style10 no-margin\" style=\"color:rgba(0,46,108,0.7) !important;\">Sobre m\u00ed<\/h1><p align=\"justify\">El tiempo, la pasi\u00f3n y la disciplina, han sido determinantes para mi vida profesional.<\/p>\n<p align=\"justify\">Mi familia y mis pacientes son motor de vida, trabajo y pensamientos.<\/p>\n<p align=\"justify\">Estoy casado y soy padre de tres hijos, mi esposa es M\u00e9dico con especialidad en Cirug\u00eda pl\u00e1stica y Medicina Est\u00e9tica y antienvejecimiento.<\/p>\n<p><a href=\"http:\/\/clinicasyo.com\/doctormarin\/sobremi\/\"><strong>Leer m\u00e1s<\/strong><\/a><br \/>\n<img class=\"aligncenter size-large wp-image-5274\" src=\"http:\/\/clinicasyo.com\/doctormarin\/wp-content\/uploads\/2016\/04\/Untitled-4-1.png\" alt=\"\" width=\"32\" height=\"32\" \/><img class=\"aligncenter size-full wp-image-6071\" src=\"http:\/\/clinicasyo.com\/doctormarin\/wp-content\/uploads\/2016\/04\/Untitled-9.png\" alt=\"\" width=\"300\" height=\"300\" \/><\/p>\n<\/div><\/div><\/div><div class=\"wpb_column vc_column_container col-sm-6 col-md-6 col-xs-12 margin-seven-top xs-margin-eighteen-top\"><div class=\"vc-column-innner-wrapper\"><div class=\"wpd-innner-wrapper\"><div  class=\" aligncenter wp-image-5269 size-medium\"><span class=\"alt-font title-medium text-uppercase photography-quotes xs-title-small display-inline-block width-50 sm-width-70\">No s\u00f3lo cambiar\u00e9 tu sonrisa, cambiar\u00e9 tu vida.<\/span><\/div><p><img class=\"aligncenter wp-image-5269 size-medium\" src=\"https:\/\/docteurmarin.ch\/es\/wp-content\/uploads\/2016\/04\/doctor2-300x300.png\" alt=\"\" width=\"300\" height=\"300\" \/><\/p>\n<\/div><\/div><\/div><\/div><\/div><\/section><section  class=\"wow slideInLeft\" style=\"background: url(https:\/\/docteurmarin.ch\/es\/wp-content\/uploads\/2016\/04\/blanqueamiento-dental.jpg) no-repeat;\"><div class=\"container\"><div class=\"row\"><div class=\"wpb_column vc_column_container col-sm-2  col-xs-mobile-fullwidth\"><div class=\"vc-column-innner-wrapper\"><div class=\"wpd-innner-wrapper\"><\/div><\/div><\/div><div class=\"wpb_column vc_column_container col-sm-8  col-xs-mobile-fullwidth\"><div class=\"vc-column-innner-wrapper\"><div class=\"wpd-innner-wrapper\"><p><center><iframe src=\"https:\/\/www.youtube.com\/embed\/jUDccSYjsvM?rel=0\" width=\"560\" height=\"315\" frameborder=\"0\" allowfullscreen=\"allowfullscreen\"><\/iframe><\/center><\/p>\n<\/div><\/div><\/div><div class=\"wpb_column vc_column_container col-sm-2  col-xs-mobile-fullwidth\"><div class=\"vc-column-innner-wrapper\"><div class=\"wpd-innner-wrapper\"><\/div><\/div><\/div><\/div><\/div><\/section><section  class=\"wow slideInLeft\"><div class=\"container\"><div class=\"row\"><div class=\"wpb_column vc_column_container col-sm-12  col-xs-mobile-fullwidth\"><div class=\"vc-column-innner-wrapper\"><div class=\"wpd-innner-wrapper\"><h1 style=\"text-align: center;\"><a href=\"http:\/\/clinicasyo.com\/doctormarin\/?media_dl=6209\"><span style=\"color: #003366;\"><img class=\"aligncenter size-full wp-image-6234\" src=\"http:\/\/clinicasyo.com\/doctormarin\/wp-content\/uploads\/2016\/04\/LIBRO-ESPA\u00d1OL.png\" alt=\"\" width=\"4000\" height=\"2667\" \/>Haz click aqu\u00ed para descargar mi libro<\/span><\/a><\/h1>\n<\/div><\/div><\/div><\/div><\/div><\/section><section  id=\"services\" class=\"cover-background wow slideInLeft\" style=\"background: url(https:\/\/docteurmarin.ch\/es\/wp-content\/uploads\/2016\/04\/Untitled-6.png) no-repeat;\"><div class=\"container\"><div class=\"row\"><div class=\"wpb_column vc_column_container col-sm-6 col-md-6 col-xs-12 pull-right margin-seven-top xs-no-margin-top\"><div class=\"vc-column-innner-wrapper\"><div class=\"wpd-innner-wrapper\"><h1 class=\"alt-font  heading-style10 no-margin\" style=\"color:rgba(0,46,108,0.7) !important;\">Retos y Pasi\u00f3n<\/h1><p align=\"justify\">Para ser buen profesional son necesarias, adem\u00e1s de las competencias y las habilidades, la actitud y la pasi\u00f3n. Cuando sentimos pasi\u00f3n por lo que hacemos y tenemos buena actitud de cara a lograr los retos, todo fluye y las probabilidades de alcanzar el \u00e9xito aumentan.<\/p>\n<p align=\"justify\">Cada uno como persona es responsable de su actitud y en eso doy fe. Yo he fabricado muchas de mis ilusiones y retos y por ellos trabajo a diario, al punto que he logrado contagiar de ese entusiasmo que me mueve, a quienes trabajan conmigo.<\/p>\n<p align=\"justify\">Como profesionales de la salud que somos, tenemos la responsabilidad con cada uno de nuestros pacientes, de lograr que cada uno, colme sus expectativas y sus ilusiones, se logren a la par de nuestros retos profesionales.\u00a0<a href=\"http:\/\/clinicasyo.com\/doctormarin\/retos\/\"><strong>Leer m\u00e1s<\/strong><\/a><\/p>\n<\/div><\/div><\/div><div class=\"wpb_column vc_column_container col-sm-6 col-md-6 col-xs-12 text-left margin-seven-top sm-margin-seven-tb xs-margin-fifteen-tb\"><div class=\"vc-column-innner-wrapper\"><div class=\"wpd-innner-wrapper\"><div id=\"twenty20-1\" class=\"twenty20\" style=\"width: 100% !important; clear: both;\"><div class=\"twentytwenty-container twenty20-1 \"><img class=\"skip-lazy\" src=\"https:\/\/docteurmarin.ch\/es\/wp-content\/uploads\/2016\/04\/EMA1.png\" \/><img class=\"skip-lazy\" src=\"https:\/\/docteurmarin.ch\/es\/wp-content\/uploads\/2016\/04\/EMA2.png\" \/><\/div><script>jQuery(window).on(\"load\", function(){jQuery(\".twentytwenty-container.twenty20-1[data-orientation!='vertical']\").twentytwenty({default_offset_pct: 0.5});jQuery(\".twenty20-1 .twentytwenty-overlay\").hide();jQuery(\".twenty20-1 .twentytwenty-overlay\").hide();});<\/script><\/div><\/div><\/div><\/div><\/div><\/div><\/section><section id=\"explicaciones\" class=\"no-padding wow bounceInDown\" style=\"margin: -20px 0 0 0;\"><div class=\"container-fluid\"><div class=\"row\"><div class=\"wpb_column vc_column_container col-sm-6 col-md-3 col-xs-12 text-center no-padding margin-one-top sm-no-margin\"><div class=\"vc-column-innner-wrapper\"><div class=\"wpd-innner-wrapper\"><div class=\"hover-box-image\"><figure><img src=\"https:\/\/docteurmarin.ch\/es\/wp-content\/uploads\/2016\/04\/Untitled-998.png\" alt=\"\"\/><figcaption><h3 class=\"alt-font text-uppercase letter-spacing-2 vertical-middle white-text z-index-1 md-title-medium sm-title-extra-large xs-title-large no-margin\">Extracciones<\/h3><div class=\"hover-box-image-link position-absolute z-index-1\"><a href=\"AD\" target=\"_self\" class=\"line-link alt-font text-uppercase black-text position-relative inner-link\">sample button<\/a><\/div><div class=\"grid-style1-border border-transperent-white\"><\/div><\/figcaption><\/figure><\/div><\/div><\/div><\/div><div class=\"wpb_column vc_column_container col-sm-6 col-md-3 col-xs-12 text-center no-padding\"><div class=\"vc-column-innner-wrapper\"><div class=\"wpd-innner-wrapper\"><div class=\"hover-box-image\"><figure><img src=\"https:\/\/docteurmarin.ch\/es\/wp-content\/uploads\/2016\/04\/Untitled-8-1.png\" alt=\"\"\/><figcaption><h3 class=\"alt-font text-uppercase letter-spacing-2 vertical-middle white-text z-index-1 md-title-medium sm-title-extra-large xs-title-large no-margin\">Dise\u00f1o de Sonrisa<\/h3><div class=\"hover-box-image-link position-absolute z-index-1\"><a href=\"AD\" target=\"_self\" class=\"line-link alt-font text-uppercase black-text position-relative inner-link\">sample button<\/a><\/div><div class=\"grid-style1-border border-transperent-white\"><\/div><\/figcaption><\/figure><\/div><\/div><\/div><\/div><div class=\"wpb_column vc_column_container col-sm-6 col-md-3 col-xs-12 text-center no-padding margin-one-top sm-no-margin\"><div class=\"vc-column-innner-wrapper\"><div class=\"wpd-innner-wrapper\"><div class=\"hover-box-image\"><figure><img src=\"https:\/\/docteurmarin.ch\/es\/wp-content\/uploads\/2016\/04\/Untitled-8909-1.png\" alt=\"\"\/><figcaption><h3 class=\"alt-font text-uppercase letter-spacing-2 vertical-middle white-text z-index-1 md-title-medium sm-title-extra-large xs-title-large no-margin\">Equilibrio Facial<\/h3><div class=\"hover-box-image-link position-absolute z-index-1\"><a href=\"AD\" target=\"_self\" class=\"line-link alt-font text-uppercase black-text position-relative inner-link\">sample button<\/a><\/div><div class=\"grid-style1-border border-transperent-white\"><\/div><\/figcaption><\/figure><\/div><\/div><\/div><\/div><div class=\"wpb_column vc_column_container col-sm-6 col-md-3 col-xs-12 text-center no-padding\"><div class=\"vc-column-innner-wrapper\"><div class=\"wpd-innner-wrapper\"><div class=\"hover-box-image\"><figure><img src=\"https:\/\/docteurmarin.ch\/es\/wp-content\/uploads\/2016\/04\/Untitled-18.png\" alt=\"\"\/><figcaption><h3 class=\"alt-font text-uppercase letter-spacing-2 vertical-middle white-text z-index-1 md-title-medium sm-title-extra-large xs-title-large no-margin\">Mejorar el rostro<\/h3><div class=\"hover-box-image-link position-absolute z-index-1\"><a href=\"AD\" target=\"_self\" class=\"line-link alt-font text-uppercase black-text position-relative inner-link\">sample button<\/a><\/div><div class=\"grid-style1-border border-transperent-white\"><\/div><\/figcaption><\/figure><\/div><\/div><\/div><\/div><\/div><\/div><\/section><section id=\"contact\"><div class=\"container\"><div class=\"row\"><div class=\"wpb_column vc_column_container col-sm-12 col-md-8 col-xs-12 center-col text-center xs-no-padding-lr\"><div class=\"vc-column-innner-wrapper\"><div class=\"wpd-innner-wrapper\"><div><div class=\"wpb_column vc_column_container col-sm-4 col-xs-12 xs-margin-eight-bottom\"><div class=\"vc-column-innner-wrapper\"><div class=\"wpd-innner-wrapper\"><div class=\" text-center\"><i class=\"icon-map-pin icon-small medium-gray-text\"><\/i><p>Avda. del Monasterio de Silos, 13<br \/>\nC\/ de la Princesa, 25 - Local 30<br \/>\nMadrid, Espa\u00f1a.<\/p>\n<\/div><\/div><\/div><\/div><div class=\"wpb_column vc_column_container col-sm-4 col-xs-12 xs-margin-eight-bottom\"><div class=\"vc-column-innner-wrapper\"><div class=\"wpd-innner-wrapper\"><div class=\" text-center\"><i class=\"icon-clipboard icon-small medium-gray-text\"><\/i><p><span class=\"alt-font text-uppercase display-block margin-5px-top\">Escr\u00edbeme<br \/>\ndoctormarin<br \/>\n<\/span><span class=\"alt-font text-uppercase display-block margin-5px-top\">@clinicasyo.com<\/span><\/p>\n<\/div><\/div><\/div><\/div><div class=\"wpb_column vc_column_container col-sm-4 col-xs-12\"><div class=\"vc-column-innner-wrapper\"><div class=\"wpd-innner-wrapper\"><div class=\" text-center\"><i class=\"icon-phone icon-small medium-gray-text\"><\/i><p><span class=\"alt-font text-uppercase display-block margin-5px-top\">Pregunta por m\u00ed<br \/>\n(+34) 91 729 70 81<br \/>\n(+34) 91 758 68 35<br \/>\n<\/span><\/p>\n<\/div><\/div><\/div><\/div><\/div><\/div><\/div><\/div><div class=\"wpb_column vc_column_container col-sm-12 col-md-12 col-xs-12 margin-seven-top xs-margin-ten-top\"><div class=\"vc-column-innner-wrapper\"><div class=\"wpd-innner-wrapper\"><div class=\" \"><\/div><\/div><\/div><\/div><div class=\"wpb_column vc_column_container col-sm-12 col-md-10 col-xs-12 clear-both center-col xs-no-padding-lr\"><div class=\"vc-column-innner-wrapper\"><div class=\"wpd-innner-wrapper\"><div role=\"form\" class=\"wpcf7\" id=\"wpcf7-f3033-o1\" lang=\"en-US\" dir=\"ltr\">\n<div class=\"screen-reader-response\"><p role=\"status\" aria-live=\"polite\" aria-atomic=\"true\"><\/p> <ul><\/ul><\/div>\n<form action=\"\/es\/wp-json\/wp\/v2\/pages\/5304#wpcf7-f3033-o1\" method=\"post\" class=\"wpcf7-form init\" enctype=\"multipart\/form-data\" novalidate=\"novalidate\" data-status=\"init\">\n<div style=\"display: none;\">\n<input type=\"hidden\" name=\"_wpcf7\" value=\"3033\" \/>\n<input type=\"hidden\" name=\"_wpcf7_version\" value=\"5.5.3\" \/>\n<input type=\"hidden\" name=\"_wpcf7_locale\" value=\"en_US\" \/>\n<input type=\"hidden\" name=\"_wpcf7_unit_tag\" value=\"wpcf7-f3033-o1\" \/>\n<input type=\"hidden\" name=\"_wpcf7_container_post\" value=\"0\" \/>\n<input type=\"hidden\" name=\"_wpcf7_posted_data_hash\" value=\"\" \/>\n<\/div>\n<div class=\"col-md-6 col-sm-12 col-xs-12\"><span class=\"wpcf7-form-control-wrap your-name\"><input type=\"text\" name=\"your-name\" value=\"\" size=\"40\" class=\"wpcf7-form-control wpcf7-text wpcf7-validates-as-required medium-input alt-font\" aria-required=\"true\" aria-invalid=\"false\" placeholder=\"*Nombre\" \/><\/span><span class=\"required\"><span class=\"wpcf7-form-control-wrap email-423\"><input type=\"email\" name=\"email-423\" value=\"\" size=\"40\" class=\"wpcf7-form-control wpcf7-text wpcf7-email wpcf7-validates-as-required wpcf7-validates-as-email medium-input alt-font\" aria-required=\"true\" aria-invalid=\"false\" placeholder=\"*Correo Electr\u00f3nico\" \/><\/span><\/span><span class=\"wpcf7-form-control-wrap your-message\"><textarea name=\"your-message\" cols=\"40\" rows=\"3\" class=\"wpcf7-form-control wpcf7-textarea medium-input alt-font message-height\" aria-invalid=\"false\" placeholder=\"*Descr\u00edbeme tu caso\"><\/textarea><\/span><span class=\"required\">*Campos Requeridos<\/span><input type=\"submit\" value=\"Enviar Mensaje\" class=\"wpcf7-form-control has-spinner wpcf7-submit no-margin xs-f-left sm-pull-right highlight-button-black-background btn btn-small\" \/><br><\/br><span class=\"required\">Si lo deseas, en el espacio de la derecha puedes adjuntar imagenes para facilitarme tu caso:<br><\/bR> Por favor, adjunta tres fotos de tu rostro (frontal boca cerrada, frontal sonrisa y perfil) y tres fotos dentales (frontal y laterales derecha e izquierda).<br><\/br>Si utilizas el m\u00f3vil toma la foto directamente, si utilizas el ordenador escoje la foto de entre tus archivos.<\/span><\/div>\n<div class=\"col-md-6 col-sm-12 col-xs-12\"><\/span><span class=\"wpcf7-form-control-wrap file-554\"><input type=\"file\" name=\"file-554\" size=\"40\" class=\"wpcf7-form-control wpcf7-file\" accept=\".jpg,.jpeg,.png,.gif,.pdf,.doc,.docx,.ppt,.pptx,.odt,.avi,.ogg,.m4a,.mov,.mp3,.mp4,.mpg,.wav,.wmv\" aria-invalid=\"false\" \/><\/span><span class=\"wpcf7-form-control-wrap file-555\"><input type=\"file\" name=\"file-555\" size=\"40\" class=\"wpcf7-form-control wpcf7-file\" accept=\".jpg,.jpeg,.png,.gif,.pdf,.doc,.docx,.ppt,.pptx,.odt,.avi,.ogg,.m4a,.mov,.mp3,.mp4,.mpg,.wav,.wmv\" aria-invalid=\"false\" \/><\/span><span class=\"wpcf7-form-control-wrap file-556\"><input type=\"file\" name=\"file-556\" size=\"40\" class=\"wpcf7-form-control wpcf7-file\" accept=\".jpg,.jpeg,.png,.gif,.pdf,.doc,.docx,.ppt,.pptx,.odt,.avi,.ogg,.m4a,.mov,.mp3,.mp4,.mpg,.wav,.wmv\" aria-invalid=\"false\" \/><\/span><span class=\"wpcf7-form-control-wrap file-557\"><input type=\"file\" name=\"file-557\" size=\"40\" class=\"wpcf7-form-control wpcf7-file\" accept=\".jpg,.jpeg,.png,.gif,.pdf,.doc,.docx,.ppt,.pptx,.odt,.avi,.ogg,.m4a,.mov,.mp3,.mp4,.mpg,.wav,.wmv\" aria-invalid=\"false\" \/><\/span><span class=\"wpcf7-form-control-wrap file-558\"><input type=\"file\" name=\"file-558\" size=\"40\" class=\"wpcf7-form-control wpcf7-file\" accept=\".jpg,.jpeg,.png,.gif,.pdf,.doc,.docx,.ppt,.pptx,.odt,.avi,.ogg,.m4a,.mov,.mp3,.mp4,.mpg,.wav,.wmv\" aria-invalid=\"false\" \/><\/span><span class=\"wpcf7-form-control-wrap file-559\"><input type=\"file\" name=\"file-559\" size=\"40\" class=\"wpcf7-form-control wpcf7-file\" accept=\".jpg,.jpeg,.png,.gif,.pdf,.doc,.docx,.ppt,.pptx,.odt,.avi,.ogg,.m4a,.mov,.mp3,.mp4,.mpg,.wav,.wmv\" aria-invalid=\"false\" \/><\/span> <\/div>\n<div class=\"col-md-12 col-sm-12 col-xs-12\">\n<div class=\"col-md-6 col-sm-6 col-xs-12 no-padding-left\"><\/div>\n<div class=\"col-md-6 col-sm-6 col-xs-12 no-padding-right sm-text-right xs-no-padding-left xs-padding-eleven\">\n<\/div>\n<\/div>\n<div class=\"wpcf7-response-output\" aria-hidden=\"true\"><\/div><\/form><\/div><h4 style=\"text-align: center;\"><span style=\"color: #000080;\">\u00bfNo entendiste como deben ser las fotos?<\/span><\/h4>\n<h4 style=\"text-align: center;\"><span style=\"color: #000080;\">\u00a1Mira los siguientes ejemplos!<\/span><\/h4>\n<div><div class=\"wpb_column vc_column_container col-sm-4  col-xs-mobile-fullwidth\"><div class=\"vc-column-innner-wrapper\"><div class=\"wpd-innner-wrapper\"><p><img class=\"aligncenter wp-image-6217\" src=\"http:\/\/clinicasyo.com\/doctormarin\/wp-content\/uploads\/2016\/04\/Lateral-o-Perfil-289x300.jpg\" alt=\"\" width=\"289\" height=\"300\" \/><\/p>\n<\/div><\/div><\/div><div class=\"wpb_column vc_column_container col-sm-4  col-xs-mobile-fullwidth\"><div class=\"vc-column-innner-wrapper\"><div class=\"wpd-innner-wrapper\"><p><img class=\"aligncenter wp-image-6214 size-medium\" src=\"http:\/\/clinicasyo.com\/doctormarin\/wp-content\/uploads\/2016\/04\/Cara-Fronrtal-boca-cerrada-229x300.jpg\" alt=\"\" width=\"229\" height=\"300\" \/><\/p>\n<\/div><\/div><\/div><div class=\"wpb_column vc_column_container col-sm-4  col-xs-mobile-fullwidth\"><div class=\"vc-column-innner-wrapper\"><div class=\"wpd-innner-wrapper\"><p><img class=\"aligncenter size-medium wp-image-6215\" src=\"http:\/\/clinicasyo.com\/doctormarin\/wp-content\/uploads\/2016\/04\/Cara-Frontal-Sonrisa-214x300.jpg\" alt=\"\" width=\"214\" height=\"300\" \/><\/p>\n<\/div><\/div><\/div><\/div><div><div class=\"wpb_column vc_column_container col-sm-12  col-xs-mobile-fullwidth\"><div class=\"vc-column-innner-wrapper\"><div class=\"wpd-innner-wrapper\"><p><img class=\"aligncenter size-large wp-image-6216\" src=\"http:\/\/clinicasyo.com\/doctormarin\/wp-content\/uploads\/2016\/04\/Dientes-Frontal-y-Laterales-1024x162.jpg\" alt=\"\" width=\"1024\" height=\"162\" \/><\/p>\n<\/div><\/div><\/div><\/div><\/div><\/div><\/div><\/div><\/div><\/section>","protected":false},"excerpt":{"rendered":"<p>Sonrie. Sobre m\u00edEl tiempo, la pasi\u00f3n y la disciplina, han sido determinantes para mi vida profesional. Mi familia y mis pacientes son motor de vida, trabajo y pensamientos. Estoy casado y soy padre de tres hijos, mi esposa es M\u00e9dico con especialidad en Cirug\u00eda pl\u00e1stica y Medicina Est\u00e9tica y antienvejecimiento. Leer m\u00e1s No s\u00f3lo cambiar\u00e9 [&hellip;]<\/p>\n","protected":false},"author":1,"featured_media":0,"parent":0,"menu_order":0,"comment_status":"closed","ping_status":"closed","template":"","meta":[],"_links":{"self":[{"href":"https:\/\/docteurmarin.ch\/es\/wp-json\/wp\/v2\/pages\/5304"}],"collection":[{"href":"https:\/\/docteurmarin.ch\/es\/wp-json\/wp\/v2\/pages"}],"about":[{"href":"https:\/\/docteurmarin.ch\/es\/wp-json\/wp\/v2\/types\/page"}],"author":[{"embeddable":true,"href":"https:\/\/docteurmarin.ch\/es\/wp-json\/wp\/v2\/users\/1"}],"replies":[{"embeddable":true,"href":"https:\/\/docteurmarin.ch\/es\/wp-json\/wp\/v2\/comments?post=5304"}],"version-history":[{"count":42,"href":"https:\/\/docteurmarin.ch\/es\/wp-json\/wp\/v2\/pages\/5304\/revisions"}],"predecessor-version":[{"id":6682,"href":"https:\/\/docteurmarin.ch\/es\/wp-json\/wp\/v2\/pages\/5304\/revisions\/6682"}],"wp:attachment":[{"href":"https:\/\/docteurmarin.ch\/es\/wp-json\/wp\/v2\/media?parent=5304"}],"curies":[{"name":"wp","href":"https:\/\/api.w.org\/{rel}","templated":true}]}}